{"id":3794,"date":"2018-10-25T11:45:48","date_gmt":"2018-10-25T11:45:48","guid":{"rendered":"http:\/\/quanticalabs.com\/wptest\/medicenter-new\/?page_id=3794"},"modified":"2025-06-10T21:29:51","modified_gmt":"2025-06-10T21:29:51","slug":"ce-que-nous-offrons","status":"publish","type":"page","link":"https:\/\/amisresearch.com\/index.php\/ce-que-nous-offrons\/","title":{"rendered":"Ce que nous offrons"},"content":{"rendered":"<div class=\"wpb-content-wrapper\"><p>[vc_row css=&#8221;.vc_custom_1749587148505{margin-top: 0px !important;}&#8221;][vc_column][vc_row_inner content_placement=&#8221;middle&#8221; el_class=&#8221;margin-top-92&#8243; css=&#8221;.vc_custom_1749587161070{margin-top: 0px !important;}&#8221;][vc_column_inner]<h1 class=\"box-header centered-title page-margin-top-section\">NOS SERVICES<\/h1>[\/vc_column_inner][\/vc_row_inner][\/vc_column][\/vc_row][vc_row top_margin=&#8221;page-margin-top&#8221; el_class=&#8221;colored-blocks&#8221;][vc_column width=&#8221;1\/3&#8243;][vc_column_text css=&#8221;&#8221; el_class=&#8221;colored-blocks&#8221;]<\/p>\n<div style=\"background-color: #1bb8cd; padding: 40px 30px; color: white; text-align: left; height: 400px; box-sizing: border-box; margin: 0; display: flex; flex-direction: column; justify-content: space-between;\">\n<div>\n<h3 style=\"color: white; margin-bottom: 20px; font-size: 32px; font-weight: bold; line-height: 1.2;\">Des tests g\u00e9n\u00e9tiques<br \/>\nsur vos origines<\/h3>\n<p style=\"color: white; margin-bottom: 30px; line-height: 1.6; font-size: 18px; font-weight: 300;\">Nous vous proposons des typages g\u00e9n\u00e9tiques et des analyses bio-informatiques<\/p>\n<\/div>\n<p><a style=\"color: white; padding: 12px 25px; text-decoration: none; border: 2px solid white; display: inline-block; font-weight: 400; text-transform: uppercase; letter-spacing: 1px; transition: all 0.3s ease;\" href=\"https:\/\/amisresearch.com\/index.php\/nos-services\/\">LIRE PLUS \u2192<\/a><\/p>\n<\/div>\n<p>[\/vc_column_text][\/vc_column][vc_column width=&#8221;1\/3&#8243;][vc_column_text css=&#8221;&#8221; el_class=&#8221;colored-blocks&#8221;]<\/p>\n<div style=\"background-color: #187c8b; padding: 40px 30px; color: white; text-align: left; height: 400px; box-sizing: border-box; margin: 0; display: flex; flex-direction: column; justify-content: space-between;\">\n<div>\n<h3 style=\"color: white; margin-bottom: 20px; font-size: 32px; font-weight: bold; line-height: 1.2;\">G\u00e9nomique<br \/>\net bien-\u00eatre<\/h3>\n<p style=\"color: white; margin-bottom: 30px; line-height: 1.6; font-size: 18px; font-weight: 300;\">Nous vous proposons d&#8217;adapter votre mode de vie \u00e0 vos g\u00e8nes<\/p>\n<p><!-- Espace suppl\u00e9mentaire pour \u00e9galiser la hauteur --><\/p>\n<div style=\"flex-grow: 1;\"><\/div>\n<\/div>\n<p><a style=\"color: white; padding: 12px 25px; text-decoration: none; border: 2px solid white; display: inline-block; font-weight: 400; text-transform: uppercase; letter-spacing: 1px; transition: all 0.3s ease;\" href=\"https:\/\/amisresearch.com\/index.php\/nos-services\/\">LIRE PLUS \u2192<\/a><\/p>\n<\/div>\n<p>[\/vc_column_text][\/vc_column][vc_column width=&#8221;1\/3&#8243;][vc_column_text css=&#8221;&#8221; el_class=&#8221;colored-blocks&#8221;]<\/p>\n<div style=\"background-color: #f1860e; padding: 40px 30px; color: white; text-align: left; height: 400px; box-sizing: border-box; margin: 0; display: flex; flex-direction: column; justify-content: space-between;\">\n<div>\n<h3 style=\"color: white; margin-bottom: 20px; font-size: 32px; font-weight: bold; line-height: 1.2;\">Expertise<br \/>\net consulting<\/h3>\n<p style=\"color: white; margin-bottom: 30px; line-height: 1.6; font-size: 18px; font-weight: 300;\">L&#8217;offre d&#8217;aide et conseils s&#8217;adresse aux institutions, enseignants, chercheurs, doctorants et m\u00e9decins<\/p>\n<\/div>\n<p><a style=\"color: white; padding: 12px 25px; text-decoration: none; border: 2px solid white; display: inline-block; font-weight: 400; text-transform: uppercase; letter-spacing: 1px; transition: all 0.3s ease;\" href=\"https:\/\/amisresearch.com\/index.php\/nos-services\/\">LIRE PLUS \u2192<\/a><\/p>\n<\/div>\n<p>[\/vc_column_text][\/vc_column][\/vc_row][vc_row][vc_column][vc_row_inner content_placement=&#8221;middle&#8221; el_class=&#8221;margin-top-92&#8243;][vc_column_inner]<h1 class=\"box-header centered-title page-margin-top-section\">NOS PRODUITS<\/h1>[\/vc_column_inner][\/vc_row_inner][\/vc_column][\/vc_row][vc_row top_margin=&#8221;page-margin-top&#8221; el_class=&#8221;colored-blocks&#8221;][vc_column width=&#8221;1\/3&#8243;][vc_column_text css=&#8221;&#8221; el_class=&#8221;colored-blocks&#8221;]<\/p>\n<div style=\"background-color: #1bb8cd; padding: 40px 30px; color: white; text-align: left; height: 400px; box-sizing: border-box; margin: 0; display: flex; flex-direction: column; justify-content: space-between;\">\n<div>\n<h3 style=\"color: white; margin-bottom: 20px; font-size: 32px; font-weight: bold; line-height: 1.2;\">Un anticorps monoclonal pour le traitement du cancer du sein<\/h3>\n<\/div>\n<p><a style=\"color: white; padding: 12px 25px; text-decoration: none; border: 2px solid white; display: inline-block; font-weight: 400; text-transform: uppercase; letter-spacing: 1px; transition: all 0.3s ease;\" href=\"\/contact\/\">LIRE PLUS \u2192<\/a><\/p>\n<\/div>\n<p>[\/vc_column_text][\/vc_column][vc_column width=&#8221;1\/3&#8243;][vc_column_text css=&#8221;&#8221; el_class=&#8221;colored-blocks&#8221;]<\/p>\n<div style=\"background-color: #187c8b; padding: 40px 30px; color: white; text-align: left; height: 400px; box-sizing: border-box; margin: 0; display: flex; flex-direction: column; justify-content: space-between;\">\n<div>\n<h3 style=\"color: white; margin-bottom: 20px; font-size: 32px; font-weight: bold; line-height: 1.2;\">Une Application<br \/>\nApp-fitting your gene<\/h3>\n<div style=\"flex-grow: 1;\"><\/div>\n<\/div>\n<p><a style=\"color: white; padding: 12px 25px; text-decoration: none; border: 2px solid white; display: inline-block; font-weight: 400; text-transform: uppercase; letter-spacing: 1px; transition: all 0.3s ease;\" href=\"\/timetable\/\">LIRE PLUS \u2192<\/a><\/p>\n<\/div>\n<p>[\/vc_column_text][\/vc_column][vc_column width=&#8221;1\/3&#8243;][vc_column_text css=&#8221;&#8221; el_class=&#8221;colored-blocks&#8221;]<\/p>\n<div style=\"background-color: #f1860e; padding: 40px 30px; color: white; text-align: left; height: 400px; box-sizing: border-box; margin: 0; display: flex; flex-direction: column; justify-content: space-between;\">\n<div>\n<h3 style=\"color: white; margin-bottom: 20px; font-size: 32px; font-weight: bold; line-height: 1.2;\">Un biomarqueur pr\u00e9dictif de la survie et cible th\u00e9rapeutique<\/h3>\n<\/div>\n<p><a style=\"color: white; padding: 12px 25px; text-decoration: none; border: 2px solid white; display: inline-block; font-weight: 400; text-transform: uppercase; letter-spacing: 1px; transition: all 0.3s ease;\" href=\"\/contact\/\">LIRE PLUS \u2192<\/a><\/p>\n<\/div>\n<p>[\/vc_column_text][\/vc_column][\/vc_row]<\/p>\n<\/div>","protected":false},"excerpt":{"rendered":"<p>[vc_row css=&#8221;.vc_custom_1749587148505{margin-top: 0px !important;}&#8221;][vc_column][vc_row_inner content_placement=&#8221;middle&#8221; el_class=&#8221;margin-top-92&#8243; css=&#8221;.vc_custom_1749587161070{margin-top: 0px !important;}&#8221;][vc_column_inner][\/vc_column_inner][\/vc_row_inner][\/vc_column][\/vc_row][vc_row top_margin=&#8221;page-margin-top&#8221; el_class=&#8221;colored-blocks&#8221;][vc_column width=&#8221;1\/3&#8243;][vc_column_text css=&#8221;&#8221; el_class=&#8221;colored-blocks&#8221;] Des tests g\u00e9n\u00e9tiques sur vos origines Nous vous proposons des typages g\u00e9n\u00e9tiques et des analyses bio-informatiques LIRE PLUS \u2192 [\/vc_column_text][\/vc_column][vc_column width=&#8221;1\/3&#8243;][vc_column_text css=&#8221;&#8221; el_class=&#8221;colored-blocks&#8221;] G\u00e9nomique et bien-\u00eatre Nous vous proposons d&#8217;adapter votre mode de vie \u00e0 vos g\u00e8nes LIRE PLUS \u2192 [\/vc_column_text][\/vc_column][vc_column<\/p>\n","protected":false},"author":4,"featured_media":0,"parent":0,"menu_order":0,"comment_status":"closed","ping_status":"closed","template":"","meta":{"footnotes":""},"class_list":["post-3794","page","type-page","status-publish","hentry"],"_links":{"self":[{"href":"https:\/\/amisresearch.com\/index.php\/wp-json\/wp\/v2\/pages\/3794","targetHints":{"allow":["GET"]}}],"collection":[{"href":"https:\/\/amisresearch.com\/index.php\/wp-json\/wp\/v2\/pages"}],"about":[{"href":"https:\/\/amisresearch.com\/index.php\/wp-json\/wp\/v2\/types\/page"}],"author":[{"embeddable":true,"href":"https:\/\/amisresearch.com\/index.php\/wp-json\/wp\/v2\/users\/4"}],"replies":[{"embeddable":true,"href":"https:\/\/amisresearch.com\/index.php\/wp-json\/wp\/v2\/comments?post=3794"}],"version-history":[{"count":4,"href":"https:\/\/amisresearch.com\/index.php\/wp-json\/wp\/v2\/pages\/3794\/revisions"}],"predecessor-version":[{"id":5731,"href":"https:\/\/amisresearch.com\/index.php\/wp-json\/wp\/v2\/pages\/3794\/revisions\/5731"}],"wp:attachment":[{"href":"https:\/\/amisresearch.com\/index.php\/wp-json\/wp\/v2\/media?parent=3794"}],"curies":[{"name":"wp","href":"https:\/\/api.w.org\/{rel}","templated":true}]}}