{"id":3978,"date":"2021-05-05T14:26:46","date_gmt":"2021-05-05T14:26:46","guid":{"rendered":"http:\/\/quanticalabs.com\/wptest\/medicenter-new\/?page_id=3978"},"modified":"2025-07-11T11:12:16","modified_gmt":"2025-07-11T11:12:16","slug":"home-pregnancy","status":"publish","type":"page","link":"https:\/\/amisresearch.com\/","title":{"rendered":"Home"},"content":{"rendered":"<div class=\"wpb-content-wrapper\"><p>[vc_row type=&#8221;full-width&#8221;][vc_column][rev_slider_vc alias=&#8221;home-pregnancy&#8221;][\/vc_column][\/vc_row][vc_row top_margin=&#8221;page-margin-top-section-vlarge&#8221;][vc_column width=&#8221;1\/2&#8243; el_class=&#8221;padding-right-30&#8243; css=&#8221;.vc_custom_1616602098895{background-position: 0 0 !important;background-repeat: no-repeat !important;}&#8221;][vc_single_image image=&#8221;4186&#8243; img_size=&#8221;medicenter-vertical-image&#8221; alignment=&#8221;right&#8221; css=&#8221;&#8221; el_class=&#8221;page-margin-top side-image&#8221;][vc_single_image image=&#8221;3994&#8243; img_size=&#8221;full&#8221; el_class=&#8221;side-image side-image-flower&#8221;][vc_single_image image=&#8221;4187&#8243; img_size=&#8221;medicenter-vertical-image&#8221; css=&#8221;&#8221;][\/vc_column][vc_column width=&#8221;1\/2&#8243;]<h1 class=\"box-header\">PR\u00c9SENTATION<\/h1><h2 class=\"box-header large margin-top-30 no-border\">A.M.I.S RESEARCH est une start-up cr\u00e9\u00e9e avec statut de SARL \u00e0 Tunis en mai 2023 et qui a obtenu le label de START-UP ACT en juillet 2023<\/h2>[vc_column_text css=&#8221;&#8221; el_class=&#8221;large margin-top-10&#8243;]<\/p>\n<p class=\"p1\">Elle op\u00e8re en Recherche &amp; D\u00e9veloppement dans le domaine des biotechnologies appliqu\u00e9es \u00e0 la sant\u00e9 et au bien-\u00eatre.Elle d\u00e9veloppe et propose des mol\u00e9cules th\u00e9rapeutiques innovantes et des logiciels d\u2019aide \u00e0 la d\u00e9cision pour la m\u00e9decine de pr\u00e9cision. Elle offre des services d\u2019analyse dans le domaine de la g\u00e9nomique appliqu\u00e9 au bien-\u00eatre.<\/p>\n<p>[\/vc_column_text][vc_row_inner][vc_column_inner width=&#8221;1\/2&#8243;]<ul class=\"simple-list margin-top-15 clearfix\"><li class=\"template-tick-2 clearfix\">\n\t\t\t<span>Qui sommes-nous?<\/span><\/li><li class=\"template-tick-2 clearfix\">\n\t\t\t<span>Actualit\u00e9s<\/span><\/li><\/ul>[\/vc_column_inner][vc_column_inner width=&#8221;1\/2&#8243;]<ul class=\"simple-list margin-top-15 clearfix\"><li class=\"template-tick-2 clearfix\">\n\t\t\t<span>Ce que nous offrons<\/span><\/li><li class=\"template-tick-2 clearfix\">\n\t\t\t<span>Contactez-nous<\/span><\/li><\/ul>[\/vc_column_inner][\/vc_row_inner][vc_button title=&#8221;Plus d&#8217;informations&#8221; size=&#8221;large&#8221; style=&#8221;dark-color&#8221; href=&#8221;https:\/\/amisresearch.com\/index.php\/ce-que-nous-offrons\/&#8221; el_class=&#8221;margin-top-30&#8243;][\/vc_column][\/vc_row][vc_row][vc_column][vc_row_inner content_placement=&#8221;middle&#8221; el_class=&#8221;margin-top-92&#8243;][vc_column_inner]<h1 class=\"box-header centered-title page-margin-top-section\">QUI SOMMES-NOUS?<\/h1>[\/vc_column_inner][\/vc_row_inner][\/vc_column][\/vc_row][vc_row top_margin=&#8221;page-margin-top&#8221;][vc_column width=&#8221;1\/3&#8243;][vc_column_text css=&#8221;&#8221;]<\/p>\n<div style=\"padding: 50px 40px; text-align: center; background: #F8F8F8; height: 400px; display: flex; flex-direction: column; justify-content: space-between; position: relative; border-radius: 10px;\" data-custom-block=\"team-block\"><!-- Ic\u00f4ne --><\/p>\n<div style=\"margin-bottom: 20px; min-height: 100px; display: flex; align-items: center; justify-content: center;\"><img decoding=\"async\" style=\"width: 80px; height: 80px; object-fit: contain;\" src=\"http:\/\/amisresearch.com\/wp-content\/uploads\/2025\/05\/Messions2.png\" alt=\"Missions et Valeurs\" \/><\/div>\n<div>\n<h3 style=\"color: #1f2937; font-size: 24px; font-weight: bold; margin-bottom: 20px; line-height: 1.3;\">NOS MISSIONS<br \/>\nET VALEURS<\/h3>\n<p style=\"color: #6b7280; font-size: 16px; line-height: 1.6; margin-bottom: 30px;\">Nous utilisons la g\u00e9nomique et d\u00e9veloppons des solutions innovantes pour la sant\u00e9, en respectant l\u2019\u00e9thique<\/p>\n<\/div>\n<p><a style=\"color: white; padding: 12px 25px; text-decoration: none; background-color: #f1860e; border: 2px solid #F1860E; display: inline-block; font-weight: 400; text-transform: uppercase; letter-spacing: 1px; transition: all 0.3s ease;\" href=\"https:\/\/amisresearch.com\/index.php\/nos-missions-et-valeurs\/\">LIRE PLUS \u2192<\/a><\/p>\n<\/div>\n<p>[\/vc_column_text][\/vc_column][vc_column width=&#8221;1\/3&#8243;][vc_column_text css=&#8221;&#8221;]<\/p>\n<div style=\"padding: 50px 40px; text-align: center; background: #F8F8F8; height: 400px; display: flex; flex-direction: column; justify-content: space-between; position: relative; border-radius: 10px;\" data-custom-block=\"team-block\"><!-- Ic\u00f4ne --><\/p>\n<div style=\"margin-bottom: 20px; min-height: 100px; display: flex; align-items: center; justify-content: center;\"><img decoding=\"async\" style=\"width: 90px; height: 90px; object-fit: contain;\" src=\"http:\/\/amisresearch.com\/wp-content\/uploads\/2025\/05\/TEAM.png\" alt=\"\u00c9quipe\" \/><\/div>\n<div>\n<h3 style=\"color: #1f2937; font-size: 24px; font-weight: bold; margin-bottom: 20px; line-height: 1.3;\">NOTRE \u00c9QUIPE<br \/>\nFONDATRICE<\/h3>\n<p style=\"color: #6b7280; font-size: 16px; line-height: 1.6; margin-bottom: 30px;\">Nos trois membres fondateurs exp\u00e9riment\u00e9s dans le domaine de recherche et d\u00e9veloppement en sant\u00e9<\/p>\n<\/div>\n<p><a style=\"color: white; padding: 12px 25px; text-decoration: none; background-color: #1bb8cd; border: 2px solid #1BB8CD; display: inline-block; font-weight: 400; text-transform: uppercase; letter-spacing: 1px; transition: all 0.3s ease;\" href=\"https:\/\/amisresearch.com\/index.php\/notre-equipe-fondatrice\/\">LIRE PLUS \u2192<\/a><\/p>\n<\/div>\n<p>[\/vc_column_text][\/vc_column][vc_column width=&#8221;1\/3&#8243;][vc_column_text css=&#8221;&#8221;]<\/p>\n<div style=\"padding: 50px 40px; text-align: center; background: #F8F8F8; height: 400px; display: flex; flex-direction: column; justify-content: space-between; position: relative; border-radius: 10px;\" data-custom-block=\"team-block\">\n<!-- Ic\u00f4ne --><\/p>\n<div style=\"margin-bottom: 20px; min-height: 100px; display: flex; align-items: center; justify-content: center;\"><img decoding=\"async\" style=\"width: 100px; height: 100px; object-fit: contain;\" src=\"http:\/\/amisresearch.com\/wp-content\/uploads\/2025\/05\/Partner.png\" alt=\"Partenaires\" \/><\/div>\n<div>\n<h3 style=\"color: #1f2937; font-size: 24px; font-weight: bold; margin-bottom: 20px; line-height: 1.3;\">NOS PARTENAIRES<br \/>\nET EXPERTS<\/h3>\n<p style=\"color: #6b7280; font-size: 16px; line-height: 1.6; margin-bottom: 30px;\">Des entreprises et des personnes ressources ayant une expertise reconnue dans le domaine de la sant\u00e9<\/p>\n<\/div>\n<p><a style=\"color: white; padding: 12px 25px; text-decoration: none; background-color: #187c8b; border: 2px solid #187C8B; display: inline-block; font-weight: 400; text-transform: uppercase; letter-spacing: 1px; transition: all 0.3s ease;\" href=\"https:\/\/amisresearch.com\/index.php\/nos-partenaires\/\">LIRE PLUS \u2192<\/a><\/p>\n<\/div>\n<p>[\/vc_column_text][\/vc_column][\/vc_row][vc_row][vc_column][vc_row_inner content_placement=&#8221;middle&#8221; el_class=&#8221;margin-top-92&#8243;][vc_column_inner]<h1 class=\"box-header centered-title page-margin-top-section\">NOS SERVICES<\/h1>[\/vc_column_inner][\/vc_row_inner][\/vc_column][\/vc_row][vc_row top_margin=&#8221;page-margin-top&#8221; el_class=&#8221;colored-blocks&#8221;][vc_column width=&#8221;1\/3&#8243;][vc_column_text css=&#8221;&#8221; el_class=&#8221;colored-blocks&#8221;]<\/p>\n<div style=\"background-color: #1bb8cd; padding: 40px 30px; color: white; text-align: left; height: 400px; box-sizing: border-box; margin: 0; display: flex; flex-direction: column; justify-content: space-between;\">\n<div>\n<h3 style=\"color: white; margin-bottom: 20px; font-size: 32px; font-weight: bold; line-height: 1.2;\">Des tests g\u00e9n\u00e9tiques<br \/>\nsur vos origines<\/h3>\n<p style=\"color: white; margin-bottom: 30px; line-height: 1.6; font-size: 18px; font-weight: 300;\">Nous vous proposons des typages g\u00e9n\u00e9tiques et des analyses bio-informatiques<\/p>\n<\/div>\n<p><a style=\"color: white; padding: 12px 25px; text-decoration: none; border: 2px solid white; display: inline-block; font-weight: 400; text-transform: uppercase; letter-spacing: 1px; transition: all 0.3s ease;\" href=\"https:\/\/amisresearch.com\/index.php\/ce-que-nous-offrons\/\">LIRE PLUS \u2192<\/a><\/div>\n<p>[\/vc_column_text][\/vc_column][vc_column width=&#8221;1\/3&#8243;][vc_column_text css=&#8221;&#8221; el_class=&#8221;colored-blocks&#8221;]<\/p>\n<div style=\"background-color: #187c8b; padding: 40px 30px; color: white; text-align: left; height: 400px; box-sizing: border-box; margin: 0; display: flex; flex-direction: column; justify-content: space-between;\">\n<div>\n<h3 style=\"color: white; margin-bottom: 20px; font-size: 32px; font-weight: bold; line-height: 1.2;\">G\u00e9nomique<br \/>\net bien-\u00eatre<\/h3>\n<p style=\"color: white; margin-bottom: 30px; line-height: 1.6; font-size: 18px; font-weight: 300;\">Nous vous proposons d&#8217;adapter votre mode de vie \u00e0 vos g\u00e8nes<\/p>\n<p><!-- Espace suppl\u00e9mentaire pour \u00e9galiser la hauteur --><\/p>\n<div style=\"flex-grow: 1;\"><\/div>\n<\/div>\n<p><a style=\"color: white; padding: 12px 25px; text-decoration: none; border: 2px solid white; display: inline-block; font-weight: 400; text-transform: uppercase; letter-spacing: 1px; transition: all 0.3s ease;\" href=\"https:\/\/amisresearch.com\/index.php\/ce-que-nous-offrons\/\">LIRE PLUS \u2192<\/a><\/div>\n<p>[\/vc_column_text][\/vc_column][vc_column width=&#8221;1\/3&#8243;][vc_column_text css=&#8221;&#8221; el_class=&#8221;colored-blocks&#8221;]<\/p>\n<div style=\"background-color: #f1860e; padding: 40px 30px; color: white; text-align: left; height: 400px; box-sizing: border-box; margin: 0; display: flex; flex-direction: column; justify-content: space-between;\">\n<div>\n<h3 style=\"color: white; margin-bottom: 20px; font-size: 32px; font-weight: bold; line-height: 1.2;\">Expertise<br \/>\net consulting<\/h3>\n<p style=\"color: white; margin-bottom: 30px; line-height: 1.6; font-size: 18px; font-weight: 300;\">L&#8217;offre d&#8217;aide et conseils s&#8217;adresse aux institutions, enseignants, chercheurs, doctorants et m\u00e9decins<\/p>\n<\/div>\n<p><a style=\"color: white; padding: 12px 25px; text-decoration: none; border: 2px solid white; display: inline-block; font-weight: 400; text-transform: uppercase; letter-spacing: 1px; transition: all 0.3s ease;\" href=\"\/contact\/\">LIRE PLUS \u2192<\/a><\/div>\n<p>[\/vc_column_text][\/vc_column][\/vc_row][vc_row type=&#8221;full-width mc-parallax&#8221; parallax=&#8221;content-moving&#8221; parallax_image=&#8221;4191&#8243; css_animation=&#8221;top-to-bottom&#8221; css=&#8221;.vc_custom_1748439244211{margin-top: 120px !important;background-image: url(http:\/\/amisresearch.com\/wp-content\/uploads\/2018\/10\/placeholder.jpg?id=) !important;}&#8221; el_class=&#8221;padding-bottom-200&#8243;][vc_column parallax=&#8221;content-moving&#8221;][vc_row_inner el_class=&#8221;margin-top-92&#8243;][vc_column_inner]<h1 class=\"box-header large align-center white\">NOS PRODUITS<\/h1>[\/vc_column_inner][\/vc_row_inner][vc_row_inner top_margin=&#8221;page-margin-top&#8221; el_class=&#8221;flex-box&#8221;][vc_column_inner width=&#8221;1\/3&#8243;]<div class=\"info-box features-medical-bed animated-element animation-fadeIn duration-500\"><h3>No Appointment Needed<\/h3><p>An appointment is not required in order to receive care. For this reason, patients do not have to plan out when they can come in. Simply walk in and you&#8217;ll be seen.<\/p><\/div><div class=\"arrow-container animated-element animation-slideRight duration-800 delay-150\"><span class=\"arrow template-arrow-horizontal-4-after arrow-light\"><\/span><\/div>[\/vc_column_inner][vc_column_inner width=&#8221;1\/3&#8243;]<div class=\"info-box features-hospital animated-element animation-slideRight duration-800 delay-600\"><h3>Licensed Proffesionals<\/h3><p>Urgent care physicians and nurses offer high-quality care. They are licensed and recognized as reputable members of healthcare industry.<\/p><\/div><div class=\"arrow-container animated-element animation-slideRight duration-800 delay-1050\"><span class=\"arrow template-arrow-horizontal-4-after arrow-dark\"><\/span><\/div>[\/vc_column_inner][vc_column_inner width=&#8221;1\/3&#8243;]<div class=\"info-box features-people animated-element animation-slideRight duration-800 delay-1500\"><h3>Cost Effective<\/h3><p>The cost of seeing a physician at a medical immediate care facility will be much more affordable than seeing a physician in an emergency room.<\/p><\/div>[\/vc_column_inner][\/vc_row_inner][\/vc_column][\/vc_row][vc_row][vc_column][vc_row_inner content_placement=&#8221;middle&#8221; el_class=&#8221;margin-top-92&#8243;][vc_column_inner]<h1 class=\"box-header centered-title page-margin-top-section\">ACTUALIT\u00c9S<\/h1>[\/vc_column_inner][\/vc_row_inner][\/vc_column][\/vc_row][vc_row][vc_column]<div class=\"columns clearfix layout-column\"><ul class=\"blog vc_col-sm-6 wpb_column vc_column_container\"><li class=\" post post-5836 type-post status-publish format-standard has-post-thumbnail hentry category-uncategorized\"><ul class=\"comment-box clearfix\"><li class=\"date\">\n\t\t\t\t\t\t\t\t<div class=\"value\">JULY 11, 2025<\/div>\n\t\t\t\t\t\t\t\t<div class=\"arrow-date\"><\/div>\n\t\t\t\t\t\t\t<\/li><li class=\"comments-number\">\t\t\t<a href=\"https:\/\/amisresearch.com\/index.php\/2025\/07\/11\/les-tunisiens-qui-sont-ils\/#respond\" title=\"0 COMMENTS\">0<\/a>\n\t\t\t\t\t\t\t<\/li><\/ul><div class=\"post-content\"><a class=\"post-image\" href=\"https:\/\/amisresearch.com\/index.php\/2025\/07\/11\/les-tunisiens-qui-sont-ils\/\" title=\"Les Tunisiens qui sont-ils?\"><span class=\"mc-preloader\"><\/span><img fetchpriority=\"high\" decoding=\"async\" width=\"600\" height=\"400\" src=\"https:\/\/amisresearch.com\/wp-content\/uploads\/2025\/07\/Livre-1-600x400.jpg\" class=\"attachment-medicenter-gallery-image size-medicenter-gallery-image wp-post-image\" alt=\"Les Tunisiens qui sont-ils?\" title=\"\" srcset=\"https:\/\/amisresearch.com\/wp-content\/uploads\/2025\/07\/Livre-1-600x400.jpg 600w, https:\/\/amisresearch.com\/wp-content\/uploads\/2025\/07\/Livre-1-670x446.jpg 670w, https:\/\/amisresearch.com\/wp-content\/uploads\/2025\/07\/Livre-1-480x320.jpg 480w, https:\/\/amisresearch.com\/wp-content\/uploads\/2025\/07\/Livre-1-390x260.jpg 390w, https:\/\/amisresearch.com\/wp-content\/uploads\/2025\/07\/Livre-1-285x190.jpg 285w\" sizes=\"(max-width: 600px) 100vw, 600px\" \/><\/a><h2 class=\"post-title\"><a href=\"https:\/\/amisresearch.com\/index.php\/2025\/07\/11\/les-tunisiens-qui-sont-ils\/\" title=\"Les Tunisiens qui sont-ils?\">Les Tunisiens qui sont-ils?<\/a><\/h2><p>[vc_row][vc_column][vc_column_text]\u2022Vous \u00eates-vous d\u00e9j\u00e0 interrog\u00e9s sur vos origines ou celles de vos proches ? Vous \u00eates-vous int\u00e9ress\u00e9s \u00e0 l\u2019histoire de votre famille ou de votre r\u00e9gion ? Vous \u00eates-vous demand\u00e9 comment vous a \u00e9t\u00e9 transmis tel trait physique ? Vous a-t-on expliqu\u00e9 un jour le principe des tests ADN dont parlent les s\u00e9ries polici\u00e8res ? \u2022Avez-vous<\/p>\n\t\t<div class=\"post-footer clearfix\">\n\t\t\t\t\t\t\t\t<ul class=\"post-footer-details\"><li class=\"post-footer-author\">\n\t\t\t\t\t\t\t\t\t\tHichem Cherif\n\t\t\t\t\t\t\t\t\t<\/li><li class=\"post-footer-category\">\n\t\t\t\t\t\t\t\t\t\t\t<a href=\"https:\/\/amisresearch.com\/index.php\/category\/uncategorized\/\" title=\"View all posts filed under Uncategorized\">Uncategorized<\/a>\n\t\t\t\t\t\t\t\t\t\t<\/li><\/ul><\/div><\/div><\/li><li class=\" post post-1393 type-post status-publish format-standard has-post-thumbnail hentry category-general category-ophthalmology-clinic tag-dentistry\"><ul class=\"comment-box clearfix\"><li class=\"date\">\n\t\t\t\t\t\t\t\t<div class=\"value\">FEBRUARY 12, 2017<\/div>\n\t\t\t\t\t\t\t\t<div class=\"arrow-date\"><\/div>\n\t\t\t\t\t\t\t<\/li><li class=\"comments-number\">\t\t\t<a href=\"https:\/\/amisresearch.com\/index.php\/2017\/02\/12\/many-doctors-use-wrong-test-to-diagnose-kids-food-allergies\/#respond\" title=\"0 COMMENTS\">0<\/a>\n\t\t\t\t\t\t\t<\/li><\/ul><div class=\"post-content\"><a class=\"post-image\" href=\"https:\/\/amisresearch.com\/index.php\/2017\/02\/12\/many-doctors-use-wrong-test-to-diagnose-kids-food-allergies\/\" title=\"Laur\u00e9ate du prix Eureka 2018 (rive sud)\"><span class=\"mc-preloader\"><\/span><img decoding=\"async\" width=\"600\" height=\"400\" src=\"https:\/\/amisresearch.com\/wp-content\/uploads\/2017\/02\/Capture-decran-2025-06-23-a-2.33.25\u202fPM-600x400.png\" class=\"attachment-medicenter-gallery-image size-medicenter-gallery-image wp-post-image\" alt=\"Laur\u00e9ate du prix Eureka 2018 (rive sud)\" title=\"\" srcset=\"https:\/\/amisresearch.com\/wp-content\/uploads\/2017\/02\/Capture-decran-2025-06-23-a-2.33.25\u202fPM-600x400.png 600w, https:\/\/amisresearch.com\/wp-content\/uploads\/2017\/02\/Capture-decran-2025-06-23-a-2.33.25\u202fPM-670x446.png 670w, https:\/\/amisresearch.com\/wp-content\/uploads\/2017\/02\/Capture-decran-2025-06-23-a-2.33.25\u202fPM-480x320.png 480w, https:\/\/amisresearch.com\/wp-content\/uploads\/2017\/02\/Capture-decran-2025-06-23-a-2.33.25\u202fPM-390x260.png 390w, https:\/\/amisresearch.com\/wp-content\/uploads\/2017\/02\/Capture-decran-2025-06-23-a-2.33.25\u202fPM-285x190.png 285w\" sizes=\"(max-width: 600px) 100vw, 600px\" \/><\/a><h2 class=\"post-title\"><a href=\"https:\/\/amisresearch.com\/index.php\/2017\/02\/12\/many-doctors-use-wrong-test-to-diagnose-kids-food-allergies\/\" title=\"Laur\u00e9ate du prix Eureka 2018 (rive sud)\">Laur\u00e9ate du prix Eureka 2018 (rive sud)<\/a><\/h2><p>Laur\u00e9ate du prix Eureka 2018 (rive sud) pour son engagement dans l&#8217;enseignement et la vulgarisation scientifiques, Amel Benammar Elgaa\u00efed donne dans une interview son avis sur la recherche et la d\u00e9couverte, sur ce que lui \u00e9voque la notion de bassin M\u00e9diterran\u00e9en et sur les enjeux du partage des cultures scientifiques. Le prix Eureka est donn\u00e9<\/p>\n\t\t<div class=\"post-footer clearfix\">\n\t\t\t\t\t\t\t\t<ul class=\"post-footer-details\"><li class=\"post-footer-author\">\n\t\t\t\t\t\t\t\t\t\tHichem Cherif\n\t\t\t\t\t\t\t\t\t<\/li><li class=\"post-footer-category\">\n\t\t\t\t\t\t\t\t\t\t\t<a href=\"https:\/\/amisresearch.com\/index.php\/category\/general\/\" title=\"View all posts filed under General\">General<\/a>, \n\t\t\t\t\t\t\t\t\t\t<\/li><li class=\"post-footer-category\">\n\t\t\t\t\t\t\t\t\t\t\t<a href=\"https:\/\/amisresearch.com\/index.php\/category\/ophthalmology-clinic\/\" title=\"View all posts filed under Ophthalmology Clinic\">Ophthalmology Clinic<\/a>\n\t\t\t\t\t\t\t\t\t\t<\/li><\/ul><\/div><\/div><\/li><\/ul><ul class=\"blog vc_col-sm-6 wpb_column vc_column_container\"><li class=\" post post-489 type-post status-publish format-standard has-post-thumbnail hentry category-general category-health category-rehabilitation tag-drugs\"><ul class=\"comment-box clearfix\"><li class=\"date\">\n\t\t\t\t\t\t\t\t<div class=\"value\">JANUARY 15, 2017<\/div>\n\t\t\t\t\t\t\t\t<div class=\"arrow-date\"><\/div>\n\t\t\t\t\t\t\t<\/li><li class=\"comments-number\">\t\t\t<a href=\"https:\/\/amisresearch.com\/index.php\/2017\/01\/15\/rising-cost-of-diabetes-care-concerns-patients-and-doctors\/#respond\" title=\"0 COMMENTS\">0<\/a>\n\t\t\t\t\t\t\t<\/li><\/ul><div class=\"post-content\"><a class=\"post-image\" href=\"https:\/\/amisresearch.com\/index.php\/2017\/01\/15\/rising-cost-of-diabetes-care-concerns-patients-and-doctors\/\" title=\"Les 7C, conseils pour la vulgarisation scientifique\"><span class=\"mc-preloader\"><\/span><img decoding=\"async\" width=\"600\" height=\"400\" src=\"https:\/\/amisresearch.com\/wp-content\/uploads\/2017\/01\/Capture-decran-2025-06-23-a-2.35.39\u202fPM-600x400.png\" class=\"attachment-medicenter-gallery-image size-medicenter-gallery-image wp-post-image\" alt=\"Les 7C, conseils pour la vulgarisation scientifique\" title=\"\" srcset=\"https:\/\/amisresearch.com\/wp-content\/uploads\/2017\/01\/Capture-decran-2025-06-23-a-2.35.39\u202fPM-600x400.png 600w, https:\/\/amisresearch.com\/wp-content\/uploads\/2017\/01\/Capture-decran-2025-06-23-a-2.35.39\u202fPM-960x641.png 960w, https:\/\/amisresearch.com\/wp-content\/uploads\/2017\/01\/Capture-decran-2025-06-23-a-2.35.39\u202fPM-670x446.png 670w, https:\/\/amisresearch.com\/wp-content\/uploads\/2017\/01\/Capture-decran-2025-06-23-a-2.35.39\u202fPM-480x320.png 480w, https:\/\/amisresearch.com\/wp-content\/uploads\/2017\/01\/Capture-decran-2025-06-23-a-2.35.39\u202fPM-390x260.png 390w, https:\/\/amisresearch.com\/wp-content\/uploads\/2017\/01\/Capture-decran-2025-06-23-a-2.35.39\u202fPM-285x190.png 285w\" sizes=\"(max-width: 600px) 100vw, 600px\" \/><\/a><h2 class=\"post-title\"><a href=\"https:\/\/amisresearch.com\/index.php\/2017\/01\/15\/rising-cost-of-diabetes-care-concerns-patients-and-doctors\/\" title=\"Les 7C, conseils pour la vulgarisation scientifique\">Les 7C, conseils pour la vulgarisation scientifique<\/a><\/h2><p>Sur la plateforme RaccourSci, Amel Benammar Elgaa\u00efed pr\u00e9sente \u00ab\u00a0Les 7C, conseils pour la vulgarisation scientifique\u00a0\u00bb. Elle pense que la communication fait partie des missions d\u2019un scientifique. C\u2019est une comp\u00e9tence \u00e0 acqu\u00e9rir et un devoir citoyen \u00e0 accomplir. RaccourSci donne acc\u00e8s \u00e0 une multitude de ressources sur la communication scientifique en fran\u00e7ais pour exprimer de mani\u00e8re<\/p>\n\t\t<div class=\"post-footer clearfix\">\n\t\t\t\t\t\t\t\t<ul class=\"post-footer-details\"><li class=\"post-footer-author\">\n\t\t\t\t\t\t\t\t\t\tHichem Cherif\n\t\t\t\t\t\t\t\t\t<\/li><li class=\"post-footer-category\">\n\t\t\t\t\t\t\t\t\t\t\t<a href=\"https:\/\/amisresearch.com\/index.php\/category\/general\/\" title=\"View all posts filed under General\">General<\/a>, \n\t\t\t\t\t\t\t\t\t\t<\/li><li class=\"post-footer-category\">\n\t\t\t\t\t\t\t\t\t\t\t<a href=\"https:\/\/amisresearch.com\/index.php\/category\/health\/\" title=\"View all posts filed under Health\">Health<\/a>, \n\t\t\t\t\t\t\t\t\t\t<\/li><li class=\"post-footer-category\">\n\t\t\t\t\t\t\t\t\t\t\t<a href=\"https:\/\/amisresearch.com\/index.php\/category\/rehabilitation\/\" title=\"View all posts filed under Rehabilitation\">Rehabilitation<\/a>\n\t\t\t\t\t\t\t\t\t\t<\/li><\/ul><\/div><\/div><\/li><\/ul><\/div>[\/vc_column][\/vc_row][vc_row type=&#8221;full-width&#8221; top_margin=&#8221;page-margin-top-section-vlarge&#8221; el_class=&#8221;flex-box&#8221; css=&#8221;.vc_custom_1620392645841{background-color: #ffffff !important;}&#8221;][vc_column el_class=&#8221;padding-bottom-100 column-limited&#8221;][vc_row_inner el_class=&#8221;padding-right-100&#8243;][vc_column_inner]<h1 class=\"box-header margin-top-92\">CONTACT<\/h1><h2 class=\"box-header large margin-top-30 no-border\">ADRESSE<\/h2>[\/vc_column_inner][\/vc_row_inner][vc_row_inner el_class=&#8221;padding-right-100 margin-top-15&#8243;][vc_column_inner][vc_column_text css=&#8221;&#8221; el_class=&#8221;large&#8221;]Rue Omar Kaddeh, Montplaisir 1073.\u00a0 Immeuble Le Montplaisir 2\u00e8me Etage B25, Avenue Kheireddine Pacha.\u00a0 Tunis. Tunisie[\/vc_column_text][\/vc_column_inner][\/vc_row_inner][vc_row_inner el_class=&#8221;margin-top-20&#8243;][vc_column_inner]<h2 class=\"box-header no-border\">E-MAIL<\/h2><h4 class=\"box-header no-border\">amel.benammarelgaaied@gmail.com<\/h4>[vc_button title=&#8221;NOUS CONTACTER&#8221; size=&#8221;large&#8221; icon=&#8221;template-arrow-horizontal-1-after&#8221; style=&#8221;light-color&#8221; href=&#8221;contact\/&#8221; el_class=&#8221;margin-top-20&#8243;][\/vc_column_inner][\/vc_row_inner][\/vc_column][\/vc_row][vc_row][vc_column]<div class=\"clearfix scrolling-controls\">\n\t\t\t<div class=\"header-left\"><\/div>\n\t\t\t<div class=\"header-right\"><a href=\"#\" id=\"carousel_prev\" class=\"scrolling-list-control-left template-arrow-horizontal-3\"><\/a><a href=\"#\" id=\"carousel_next\" class=\"scrolling-list-control-right template-arrow-horizontal-3\"><\/a><\/div><\/div>\n\t\t\t<ul class=\"mc-gallery horizontal-carousel carousel id-carousel autoplay-0 pause_on_hover-1 scroll-1 effect-scroll easing-swing duration-500\"><li class=\"gallery-box\"><ul class=\"controls\">\n\t\t\t\t<li>\n\t\t\t\t\t<a href=\"http:\/\/amisresearch.com\/wp-content\/uploads\/2025\/07\/Livre-1.jpg\" class=\"template-plus-2 fancybox open-lightbox\" rel=\"carousel[carousel]\"><\/a>\n\t\t\t\t<\/li>\n\t\t\t<\/ul>\n\t\t<\/li><\/ul>[\/vc_column][\/vc_row]<\/p>\n<\/div>","protected":false},"excerpt":{"rendered":"<p>[vc_row type=&#8221;full-width&#8221;][vc_column][rev_slider_vc alias=&#8221;home-pregnancy&#8221;][\/vc_column][\/vc_row][vc_row top_margin=&#8221;page-margin-top-section-vlarge&#8221;][vc_column width=&#8221;1\/2&#8243; el_class=&#8221;padding-right-30&#8243; css=&#8221;.vc_custom_1616602098895{background-position: 0 0 !important;background-repeat: no-repeat !important;}&#8221;][vc_single_image image=&#8221;4186&#8243; img_size=&#8221;medicenter-vertical-image&#8221; alignment=&#8221;right&#8221; css=&#8221;&#8221; el_class=&#8221;page-margin-top side-image&#8221;][vc_single_image image=&#8221;3994&#8243; img_size=&#8221;full&#8221; el_class=&#8221;side-image side-image-flower&#8221;][vc_single_image image=&#8221;4187&#8243; img_size=&#8221;medicenter-vertical-image&#8221; css=&#8221;&#8221;][\/vc_column][vc_column width=&#8221;1\/2&#8243;][vc_column_text css=&#8221;&#8221; el_class=&#8221;large margin-top-10&#8243;] Elle op\u00e8re en Recherche &amp; D\u00e9veloppement dans le domaine des biotechnologies appliqu\u00e9es \u00e0 la sant\u00e9 et au bien-\u00eatre.Elle d\u00e9veloppe et propose des mol\u00e9cules th\u00e9rapeutiques innovantes et<\/p>\n","protected":false},"author":4,"featured_media":0,"parent":0,"menu_order":0,"comment_status":"closed","ping_status":"closed","template":"template-default-without-breadcrumbs.php","meta":{"footnotes":""},"class_list":["post-3978","page","type-page","status-publish","hentry"],"_links":{"self":[{"href":"https:\/\/amisresearch.com\/index.php\/wp-json\/wp\/v2\/pages\/3978","targetHints":{"allow":["GET"]}}],"collection":[{"href":"https:\/\/amisresearch.com\/index.php\/wp-json\/wp\/v2\/pages"}],"about":[{"href":"https:\/\/amisresearch.com\/index.php\/wp-json\/wp\/v2\/types\/page"}],"author":[{"embeddable":true,"href":"https:\/\/amisresearch.com\/index.php\/wp-json\/wp\/v2\/users\/4"}],"replies":[{"embeddable":true,"href":"https:\/\/amisresearch.com\/index.php\/wp-json\/wp\/v2\/comments?post=3978"}],"version-history":[{"count":60,"href":"https:\/\/amisresearch.com\/index.php\/wp-json\/wp\/v2\/pages\/3978\/revisions"}],"predecessor-version":[{"id":5812,"href":"https:\/\/amisresearch.com\/index.php\/wp-json\/wp\/v2\/pages\/3978\/revisions\/5812"}],"wp:attachment":[{"href":"https:\/\/amisresearch.com\/index.php\/wp-json\/wp\/v2\/media?parent=3978"}],"curies":[{"name":"wp","href":"https:\/\/api.w.org\/{rel}","templated":true}]}}