{"id":5680,"date":"2025-06-10T18:42:21","date_gmt":"2025-06-10T18:42:21","guid":{"rendered":"https:\/\/amisresearch.com\/?page_id=5680"},"modified":"2025-06-10T18:44:46","modified_gmt":"2025-06-10T18:44:46","slug":"notre-equipe-fondatrice","status":"publish","type":"page","link":"https:\/\/amisresearch.com\/index.php\/notre-equipe-fondatrice\/","title":{"rendered":"Notre \u00c9quipe Fondatrice"},"content":{"rendered":"<div class=\"wpb-content-wrapper\"><p>[vc_row top_margin=&#8221;page-margin-top&#8221; el_position=&#8221;last&#8221;][vc_column]<div class=\"clearfix scrolling-controls\">\n\t\t\t\t<div class=\"header-left\"><h3 class=\"box-header animation-slide\">NOTRE \u00c9QUIPE FONDATRICE<\/h3><\/div>\n\t\t\t\t<div class=\"header-right\"><a href=\"#\" id=\"carousel_prev\" class=\"scrolling-list-control-left template-arrow-horizontal-3\"><\/a><a href=\"#\" id=\"carousel_next\" class=\"scrolling-list-control-right template-arrow-horizontal-3\"><\/a><\/div><\/div>\n\t\t\t\t<ul class=\"mc-gallery gallery-3-columns dm_carousel horizontal-carousel carousel id-carousel autoplay-0 pause_on_hover-1 scroll-1 effect-scroll easing-swing duration-500\"><li class=\"gallery-box gallery-box-1 hover-icons-off\" id=\"gallery-item-dr-sarah-l-blyumin-2\"><img fetchpriority=\"high\" decoding=\"async\" width=\"390\" height=\"260\" src=\"https:\/\/amisresearch.com\/wp-content\/uploads\/2021\/05\/Najla-390x260.jpg\" class=\"mc-preload wp-post-image\" alt=\"Dr Nejla STAMBOULI\" title=\"\" srcset=\"https:\/\/amisresearch.com\/wp-content\/uploads\/2021\/05\/Najla-390x260.jpg 390w, https:\/\/amisresearch.com\/wp-content\/uploads\/2021\/05\/Najla-670x446.jpg 670w, https:\/\/amisresearch.com\/wp-content\/uploads\/2021\/05\/Najla-600x400.jpg 600w, https:\/\/amisresearch.com\/wp-content\/uploads\/2021\/05\/Najla-480x320.jpg 480w, https:\/\/amisresearch.com\/wp-content\/uploads\/2021\/05\/Najla-285x190.jpg 285w\" sizes=\"(max-width: 390px) 100vw, 390px\" \/>\n\t\t\t\t\t\t<div class=\"description\">\n\t\t\t\t\t\t\t<h4>Dr Nejla STAMBOULI<\/h4>\n\t\t\t\t\t\t\t<h5><\/h5>\n\t\t\t\t\t\t<\/div><div class=\"item-details\"><p>PhD en bio informatique<\/p>\n<p>Consultante en gestion de la qualit\u00e9 des soins de sant\u00e9<\/p>\n<\/div><ul class=\"social-icons clearfix\"><li><a class=\"social-facebook\" href=\"https:\/\/facebook.com\/QuanticaLabs\" target=\"_blank\" title=\"\">&nbsp;<\/a><\/li><li><a class=\"social-xing\" href=\"https:\/\/www.linkedin.com\/showcase\/quanticalabs\" target=\"_blank\" title=\"\">&nbsp;<\/a><\/li><li><a class=\"social-vimeo\" href=\"https:\/\/1.envato.market\/quanticalabs-portfolio\" title=\"\">&nbsp;<\/a><\/li><\/ul>\n\t\t\t\t\t\t<ul class=\"controls\">\n\t\t\t\t\t\t\t<li>\n\t\t\t\t\t\t\t\t<a href=\"https:\/\/amisresearch.com\/index.php\/doctors\/dr-sarah-l-blyumin-2\/\" class=\"template-menu-2 open-details\"><\/a>\n\t\t\t\t\t\t\t<\/li><li><a href=\"https:\/\/amisresearch.com\/wp-content\/uploads\/2021\/05\/Najla-1024x809.jpg\" class=\"template-plus-2 fancybox open-lightbox\" rel=\"mcgallery[loop]\"><\/a>\n\t\t\t\t\t<\/li><\/ul><\/li><li class=\"gallery-box gallery-box-2 hover-icons-off\" id=\"gallery-item-dr-rebeca-turner\"><img decoding=\"async\" width=\"390\" height=\"260\" src=\"https:\/\/amisresearch.com\/wp-content\/uploads\/2021\/05\/Rabi-390x260.jpg\" class=\"mc-preload wp-post-image\" alt=\"Dr Rabie RAZGALLAH\" title=\"\" srcset=\"https:\/\/amisresearch.com\/wp-content\/uploads\/2021\/05\/Rabi-390x260.jpg 390w, https:\/\/amisresearch.com\/wp-content\/uploads\/2021\/05\/Rabi-670x446.jpg 670w, https:\/\/amisresearch.com\/wp-content\/uploads\/2021\/05\/Rabi-600x400.jpg 600w, https:\/\/amisresearch.com\/wp-content\/uploads\/2021\/05\/Rabi-480x320.jpg 480w, https:\/\/amisresearch.com\/wp-content\/uploads\/2021\/05\/Rabi-285x190.jpg 285w\" sizes=\"(max-width: 390px) 100vw, 390px\" \/>\n\t\t\t\t\t\t<div class=\"description\">\n\t\t\t\t\t\t\t<h4>Dr Rabie RAZGALLAH<\/h4>\n\t\t\t\t\t\t\t<h5><\/h5>\n\t\t\t\t\t\t<\/div><div class=\"item-details\"><p>M\u00e9decin sp\u00e9cialis\u00e9 dans la gestion \u00e9lectronique des donn\u00e9es en sant\u00e9 et en recherche bio-m\u00e9dicale<\/p>\n<\/div><ul class=\"social-icons clearfix\"><li><a class=\"social-facebook\" href=\"https:\/\/facebook.com\/QuanticaLabs\" target=\"_blank\" title=\"\">&nbsp;<\/a><\/li><li><a class=\"social-email\" href=\"mailto:medicenter@mail.com\" title=\"\">&nbsp;<\/a><\/li><li><a class=\"social-twitter\" href=\"https:\/\/twitter.com\/QuanticaLabs\" target=\"_blank\" title=\"\">&nbsp;<\/a><\/li><\/ul>\n\t\t\t\t\t\t<ul class=\"controls\">\n\t\t\t\t\t\t\t<li>\n\t\t\t\t\t\t\t\t<a href=\"https:\/\/amisresearch.com\/index.php\/doctors\/dr-rebeca-turner\/\" class=\"template-menu-2 open-details\"><\/a>\n\t\t\t\t\t\t\t<\/li><li><a href=\"https:\/\/amisresearch.com\/wp-content\/uploads\/2021\/05\/Rabi.jpg\" class=\"template-plus-2 fancybox open-lightbox\" rel=\"mcgallery[loop]\"><\/a>\n\t\t\t\t\t<\/li><\/ul><\/li><li class=\"gallery-box gallery-box-3 hover-icons-off\" id=\"gallery-item-dr-kaith-wizard-2\"><img decoding=\"async\" width=\"390\" height=\"260\" src=\"https:\/\/amisresearch.com\/wp-content\/uploads\/2013\/05\/Amel-390x260.png\" class=\"mc-preload wp-post-image\" alt=\"Pr Amel BENAMMAR ELGAA\u00cfED\" title=\"\" srcset=\"https:\/\/amisresearch.com\/wp-content\/uploads\/2013\/05\/Amel-390x260.png 390w, https:\/\/amisresearch.com\/wp-content\/uploads\/2013\/05\/Amel-670x446.png 670w, https:\/\/amisresearch.com\/wp-content\/uploads\/2013\/05\/Amel-600x400.png 600w, https:\/\/amisresearch.com\/wp-content\/uploads\/2013\/05\/Amel-480x320.png 480w, https:\/\/amisresearch.com\/wp-content\/uploads\/2013\/05\/Amel-285x190.png 285w\" sizes=\"(max-width: 390px) 100vw, 390px\" \/>\n\t\t\t\t\t\t<div class=\"description\">\n\t\t\t\t\t\t\t<h4>Pr Amel BENAMMAR ELGAA\u00cfED<\/h4>\n\t\t\t\t\t\t\t<h5><\/h5>\n\t\t\t\t\t\t<\/div><div class=\"item-details\"><p>Professeur d\u2019immunologie \u00e0 la Facult\u00e9 des Sciences de Tunis<br \/>\nMembre permanent de l\u2019Acad\u00e9mie Beit Al Hikma<br \/>\nCEO d\u2019 A.M.I.S RESEARCH<\/p>\n<\/div><ul class=\"social-icons clearfix\"><li><a class=\"social-youtube\" href=\"https:\/\/www.youtube.com\/user\/quanticalabs\" target=\"_blank\" title=\"\">&nbsp;<\/a><\/li><li><a class=\"social-dribbble\" href=\"https:\/\/dribbble.com\/QuanticaLabs\" target=\"_blank\" title=\"\">&nbsp;<\/a><\/li><li><a class=\"social-pinterest\" href=\"https:\/\/pinterest.com\/quanticalabs\/\" target=\"_blank\" title=\"\">&nbsp;<\/a><\/li><\/ul>\n\t\t\t\t\t\t<ul class=\"controls\">\n\t\t\t\t\t\t\t<li>\n\t\t\t\t\t\t\t\t<a href=\"https:\/\/amisresearch.com\/index.php\/doctors\/dr-kaith-wizard-2\/\" class=\"template-menu-2 open-details\"><\/a>\n\t\t\t\t\t\t\t<\/li><li><a href=\"https:\/\/amisresearch.com\/wp-content\/uploads\/2013\/05\/Amel-1024x697.png\" class=\"template-plus-2 fancybox open-lightbox\" rel=\"mcgallery[loop]\"><\/a>\n\t\t\t\t\t<\/li><\/ul><\/li><\/ul>[\/vc_column][\/vc_row]<\/p>\n<\/div>","protected":false},"excerpt":{"rendered":"<p>[vc_row top_margin=&#8221;page-margin-top&#8221; el_position=&#8221;last&#8221;][vc_column][\/vc_column][\/vc_row]<\/p>\n","protected":false},"author":4,"featured_media":0,"parent":0,"menu_order":0,"comment_status":"closed","ping_status":"closed","template":"","meta":{"footnotes":""},"class_list":["post-5680","page","type-page","status-publish","hentry"],"_links":{"self":[{"href":"https:\/\/amisresearch.com\/index.php\/wp-json\/wp\/v2\/pages\/5680","targetHints":{"allow":["GET"]}}],"collection":[{"href":"https:\/\/amisresearch.com\/index.php\/wp-json\/wp\/v2\/pages"}],"about":[{"href":"https:\/\/amisresearch.com\/index.php\/wp-json\/wp\/v2\/types\/page"}],"author":[{"embeddable":true,"href":"https:\/\/amisresearch.com\/index.php\/wp-json\/wp\/v2\/users\/4"}],"replies":[{"embeddable":true,"href":"https:\/\/amisresearch.com\/index.php\/wp-json\/wp\/v2\/comments?post=5680"}],"version-history":[{"count":2,"href":"https:\/\/amisresearch.com\/index.php\/wp-json\/wp\/v2\/pages\/5680\/revisions"}],"predecessor-version":[{"id":5682,"href":"https:\/\/amisresearch.com\/index.php\/wp-json\/wp\/v2\/pages\/5680\/revisions\/5682"}],"wp:attachment":[{"href":"https:\/\/amisresearch.com\/index.php\/wp-json\/wp\/v2\/media?parent=5680"}],"curies":[{"name":"wp","href":"https:\/\/api.w.org\/{rel}","templated":true}]}}