{"id":5703,"date":"2025-06-10T20:06:54","date_gmt":"2025-06-10T20:06:54","guid":{"rendered":"https:\/\/amisresearch.com\/?page_id=5703"},"modified":"2025-06-10T21:28:22","modified_gmt":"2025-06-10T21:28:22","slug":"nos-services","status":"publish","type":"page","link":"https:\/\/amisresearch.com\/index.php\/nos-services\/","title":{"rendered":"Nos Services"},"content":{"rendered":"<div class=\"wpb-content-wrapper\"><p>[vc_row][vc_column][vc_row_inner content_placement=&#8221;middle&#8221;][vc_column_inner]<h1 class=\"box-header centered-title page-margin-top-section\">TESTS G\u00c9N\u00c9TIQUES SUR VOS ORIGINES<\/h1>[\/vc_column_inner][\/vc_row_inner][\/vc_column][\/vc_row][vc_row top_margin=&#8221;page-margin-top-section&#8221;][vc_column]<ul class=\"services-list clearfix\"><li class=\"vc_row wpb_row vc_row-fluid\"><ul><li><a href=\"https:\/\/amisresearch.com\/index.php\/services\/typage-de-ladn-mitochondrial\/\" title=\"Typage de l\u2019ADN mitochondrial\"><img fetchpriority=\"high\" decoding=\"async\" width=\"480\" height=\"320\" src=\"https:\/\/amisresearch.com\/wp-content\/uploads\/2018\/10\/illustration-3d-abstraite-de-la-cellule-biologique-et-des-mitochondries-480x320.jpg\" class=\"attachment-medium-thumb size-medium-thumb wp-post-image\" alt=\"Typage de l\u2019ADN mitochondrial\" title=\"\" srcset=\"https:\/\/amisresearch.com\/wp-content\/uploads\/2018\/10\/illustration-3d-abstraite-de-la-cellule-biologique-et-des-mitochondries-480x320.jpg 480w, https:\/\/amisresearch.com\/wp-content\/uploads\/2018\/10\/illustration-3d-abstraite-de-la-cellule-biologique-et-des-mitochondries-670x446.jpg 670w, https:\/\/amisresearch.com\/wp-content\/uploads\/2018\/10\/illustration-3d-abstraite-de-la-cellule-biologique-et-des-mitochondries-600x400.jpg 600w, https:\/\/amisresearch.com\/wp-content\/uploads\/2018\/10\/illustration-3d-abstraite-de-la-cellule-biologique-et-des-mitochondries-390x260.jpg 390w, https:\/\/amisresearch.com\/wp-content\/uploads\/2018\/10\/illustration-3d-abstraite-de-la-cellule-biologique-et-des-mitochondries-285x190.jpg 285w\" sizes=\"(max-width: 480px) 100vw, 480px\" \/><\/a><div class=\"service-details\"><h4><a href=\"https:\/\/amisresearch.com\/index.php\/services\/typage-de-ladn-mitochondrial\/\" title=\"Typage de l\u2019ADN mitochondrial\">Typage de l\u2019ADN mitochondrial<\/a><\/h4><p>Nous vous proposons des analyses sur vos origines maternelles  par typage g\u00e9n\u00e9tique et analyses bio-informatiques de votre ADN mitochondrial<\/p>\n<\/div><\/li><li><a href=\"https:\/\/amisresearch.com\/index.php\/services\/immediate-care\/\" title=\"Typage du chromosome Y\"><img decoding=\"async\" width=\"480\" height=\"320\" src=\"https:\/\/amisresearch.com\/wp-content\/uploads\/2018\/10\/formation-scientifique-avec-concept-scientifique-de-medecine-des-chromosomes-rendu-3d-480x320.jpg\" class=\"attachment-medium-thumb size-medium-thumb wp-post-image\" alt=\"Typage du chromosome Y\" title=\"\" srcset=\"https:\/\/amisresearch.com\/wp-content\/uploads\/2018\/10\/formation-scientifique-avec-concept-scientifique-de-medecine-des-chromosomes-rendu-3d-480x320.jpg 480w, https:\/\/amisresearch.com\/wp-content\/uploads\/2018\/10\/formation-scientifique-avec-concept-scientifique-de-medecine-des-chromosomes-rendu-3d-300x200.jpg 300w, https:\/\/amisresearch.com\/wp-content\/uploads\/2018\/10\/formation-scientifique-avec-concept-scientifique-de-medecine-des-chromosomes-rendu-3d-1024x683.jpg 1024w, https:\/\/amisresearch.com\/wp-content\/uploads\/2018\/10\/formation-scientifique-avec-concept-scientifique-de-medecine-des-chromosomes-rendu-3d-768x512.jpg 768w, https:\/\/amisresearch.com\/wp-content\/uploads\/2018\/10\/formation-scientifique-avec-concept-scientifique-de-medecine-des-chromosomes-rendu-3d-1536x1024.jpg 1536w, https:\/\/amisresearch.com\/wp-content\/uploads\/2018\/10\/formation-scientifique-avec-concept-scientifique-de-medecine-des-chromosomes-rendu-3d-2048x1365.jpg 2048w, https:\/\/amisresearch.com\/wp-content\/uploads\/2018\/10\/formation-scientifique-avec-concept-scientifique-de-medecine-des-chromosomes-rendu-3d-670x446.jpg 670w, https:\/\/amisresearch.com\/wp-content\/uploads\/2018\/10\/formation-scientifique-avec-concept-scientifique-de-medecine-des-chromosomes-rendu-3d-600x400.jpg 600w, https:\/\/amisresearch.com\/wp-content\/uploads\/2018\/10\/formation-scientifique-avec-concept-scientifique-de-medecine-des-chromosomes-rendu-3d-390x260.jpg 390w, https:\/\/amisresearch.com\/wp-content\/uploads\/2018\/10\/formation-scientifique-avec-concept-scientifique-de-medecine-des-chromosomes-rendu-3d-285x190.jpg 285w\" sizes=\"(max-width: 480px) 100vw, 480px\" \/><\/a><div class=\"service-details\"><h4><a href=\"https:\/\/amisresearch.com\/index.php\/services\/immediate-care\/\" title=\"Typage du chromosome Y\">Typage du chromosome Y<\/a><\/h4><p>Nous vous proposons des analyses sur vos origines  paternelles par  typage g\u00e9n\u00e9tiqus et  analyses bio-informatiques de votre chromosome Y<\/p>\n<\/div><\/li><li><a href=\"https:\/\/amisresearch.com\/index.php\/services\/diagnostic-center\/\" title=\"Votre g\u00e9n\u00e9alogie\"><img decoding=\"async\" width=\"480\" height=\"320\" src=\"https:\/\/amisresearch.com\/wp-content\/uploads\/2018\/10\/une-femme-observant-une-galerie-de-photos-vintage-480x320.jpg\" class=\"attachment-medium-thumb size-medium-thumb wp-post-image\" alt=\"Votre g\u00e9n\u00e9alogie\" title=\"\" srcset=\"https:\/\/amisresearch.com\/wp-content\/uploads\/2018\/10\/une-femme-observant-une-galerie-de-photos-vintage-480x320.jpg 480w, https:\/\/amisresearch.com\/wp-content\/uploads\/2018\/10\/une-femme-observant-une-galerie-de-photos-vintage-670x446.jpg 670w, https:\/\/amisresearch.com\/wp-content\/uploads\/2018\/10\/une-femme-observant-une-galerie-de-photos-vintage-600x400.jpg 600w, https:\/\/amisresearch.com\/wp-content\/uploads\/2018\/10\/une-femme-observant-une-galerie-de-photos-vintage-390x260.jpg 390w, https:\/\/amisresearch.com\/wp-content\/uploads\/2018\/10\/une-femme-observant-une-galerie-de-photos-vintage-285x190.jpg 285w\" sizes=\"(max-width: 480px) 100vw, 480px\" \/><\/a><div class=\"service-details\"><h4><a href=\"https:\/\/amisresearch.com\/index.php\/services\/diagnostic-center\/\" title=\"Votre g\u00e9n\u00e9alogie\">Votre g\u00e9n\u00e9alogie<\/a><\/h4><p>Si vous vous int\u00e9ressez \u00e0 votre g\u00e9n\u00e9alogie, nous vous proposons de v\u00e9rifier un lien avec une branche de votre famille du c\u00f4t\u00e9 maternel ou c\u00f4t\u00e9 paternel<\/p>\n<\/div><\/li><\/ul><\/li><\/ul>[\/vc_column][\/vc_row][vc_row][vc_column][vc_row_inner content_placement=&#8221;middle&#8221;][vc_column_inner]<h1 class=\"box-header centered-title page-margin-top-section\">G\u00c9NOMIQUE ET BIEN-\u00caTRE<\/h1>[\/vc_column_inner][\/vc_row_inner][\/vc_column][\/vc_row][vc_row top_margin=&#8221;page-margin-top-section&#8221;][vc_column]<ul class=\"services-list clearfix\"><li class=\"vc_row wpb_row vc_row-fluid\"><ul><li><a href=\"https:\/\/amisresearch.com\/index.php\/services\/physical-therapy\/\" title=\"Nutrig\u00e9n\u00e9tique\"><img loading=\"lazy\" decoding=\"async\" width=\"480\" height=\"320\" src=\"https:\/\/amisresearch.com\/wp-content\/uploads\/2018\/10\/les-aliments-ogm-et-les-cultures-genetiquement-modifiees-concoivent-les-fruits-et-legumes-comme-un-brin-d-adn-480x320.jpg\" class=\"attachment-medium-thumb size-medium-thumb wp-post-image\" alt=\"Nutrig\u00e9n\u00e9tique\" title=\"\" srcset=\"https:\/\/amisresearch.com\/wp-content\/uploads\/2018\/10\/les-aliments-ogm-et-les-cultures-genetiquement-modifiees-concoivent-les-fruits-et-legumes-comme-un-brin-d-adn-480x320.jpg 480w, https:\/\/amisresearch.com\/wp-content\/uploads\/2018\/10\/les-aliments-ogm-et-les-cultures-genetiquement-modifiees-concoivent-les-fruits-et-legumes-comme-un-brin-d-adn-300x200.jpg 300w, https:\/\/amisresearch.com\/wp-content\/uploads\/2018\/10\/les-aliments-ogm-et-les-cultures-genetiquement-modifiees-concoivent-les-fruits-et-legumes-comme-un-brin-d-adn-1024x683.jpg 1024w, https:\/\/amisresearch.com\/wp-content\/uploads\/2018\/10\/les-aliments-ogm-et-les-cultures-genetiquement-modifiees-concoivent-les-fruits-et-legumes-comme-un-brin-d-adn-768x512.jpg 768w, https:\/\/amisresearch.com\/wp-content\/uploads\/2018\/10\/les-aliments-ogm-et-les-cultures-genetiquement-modifiees-concoivent-les-fruits-et-legumes-comme-un-brin-d-adn-1536x1024.jpg 1536w, https:\/\/amisresearch.com\/wp-content\/uploads\/2018\/10\/les-aliments-ogm-et-les-cultures-genetiquement-modifiees-concoivent-les-fruits-et-legumes-comme-un-brin-d-adn-2048x1365.jpg 2048w, https:\/\/amisresearch.com\/wp-content\/uploads\/2018\/10\/les-aliments-ogm-et-les-cultures-genetiquement-modifiees-concoivent-les-fruits-et-legumes-comme-un-brin-d-adn-670x446.jpg 670w, https:\/\/amisresearch.com\/wp-content\/uploads\/2018\/10\/les-aliments-ogm-et-les-cultures-genetiquement-modifiees-concoivent-les-fruits-et-legumes-comme-un-brin-d-adn-600x400.jpg 600w, https:\/\/amisresearch.com\/wp-content\/uploads\/2018\/10\/les-aliments-ogm-et-les-cultures-genetiquement-modifiees-concoivent-les-fruits-et-legumes-comme-un-brin-d-adn-390x260.jpg 390w, https:\/\/amisresearch.com\/wp-content\/uploads\/2018\/10\/les-aliments-ogm-et-les-cultures-genetiquement-modifiees-concoivent-les-fruits-et-legumes-comme-un-brin-d-adn-285x190.jpg 285w\" sizes=\"(max-width: 480px) 100vw, 480px\" \/><\/a><div class=\"service-details\"><h4><a href=\"https:\/\/amisresearch.com\/index.php\/services\/physical-therapy\/\" title=\"Nutrig\u00e9n\u00e9tique\">Nutrig\u00e9n\u00e9tique<\/a><\/h4><p>Si vous souhaitez adapter votre alimentation \u00e0 vos g\u00e8nes on vous propose une analyse de nutri g\u00e9n\u00e9tique suivie de l\u2019accompagnement  d\u2019un nutritionniste.<\/p>\n<\/div><\/li><li><a href=\"https:\/\/amisresearch.com\/index.php\/services\/diagnostic-imaging\/\" title=\"G\u00e9n\u00e9tique et sport\"><img loading=\"lazy\" decoding=\"async\" width=\"480\" height=\"320\" src=\"https:\/\/amisresearch.com\/wp-content\/uploads\/2021\/05\/une-figure-humaine-formee-a-partir-de-brins-d-adn-avec-un-schema-de-couleurs-vert-et-bleu-1-480x320.jpg\" class=\"attachment-medium-thumb size-medium-thumb wp-post-image\" alt=\"G\u00e9n\u00e9tique et sport\" title=\"\" srcset=\"https:\/\/amisresearch.com\/wp-content\/uploads\/2021\/05\/une-figure-humaine-formee-a-partir-de-brins-d-adn-avec-un-schema-de-couleurs-vert-et-bleu-1-480x320.jpg 480w, https:\/\/amisresearch.com\/wp-content\/uploads\/2021\/05\/une-figure-humaine-formee-a-partir-de-brins-d-adn-avec-un-schema-de-couleurs-vert-et-bleu-1-670x446.jpg 670w, https:\/\/amisresearch.com\/wp-content\/uploads\/2021\/05\/une-figure-humaine-formee-a-partir-de-brins-d-adn-avec-un-schema-de-couleurs-vert-et-bleu-1-600x400.jpg 600w, https:\/\/amisresearch.com\/wp-content\/uploads\/2021\/05\/une-figure-humaine-formee-a-partir-de-brins-d-adn-avec-un-schema-de-couleurs-vert-et-bleu-1-390x260.jpg 390w, https:\/\/amisresearch.com\/wp-content\/uploads\/2021\/05\/une-figure-humaine-formee-a-partir-de-brins-d-adn-avec-un-schema-de-couleurs-vert-et-bleu-1-285x190.jpg 285w\" sizes=\"(max-width: 480px) 100vw, 480px\" \/><\/a><div class=\"service-details\"><h4><a href=\"https:\/\/amisresearch.com\/index.php\/services\/diagnostic-imaging\/\" title=\"G\u00e9n\u00e9tique et sport\">G\u00e9n\u00e9tique et sport<\/a><\/h4><p>Si vous voulez pratiquer un sport, on vous propose de rechercher si vos g\u00e8nes sont plus adapt\u00e9s \u00e0 un sport d\u2019endurance ou \u00e0 un sport explosif et de vous coacher<\/p>\n<\/div><\/li><li><a href=\"https:\/\/amisresearch.com\/index.php\/services\/dental-care\/\" title=\"Dermato g\u00e9n\u00e9tique\"><img loading=\"lazy\" decoding=\"async\" width=\"480\" height=\"320\" src=\"https:\/\/amisresearch.com\/wp-content\/uploads\/2021\/05\/22-480x320.jpg\" class=\"attachment-medium-thumb size-medium-thumb wp-post-image\" alt=\"Dermato g\u00e9n\u00e9tique\" title=\"\" srcset=\"https:\/\/amisresearch.com\/wp-content\/uploads\/2021\/05\/22-480x320.jpg 480w, https:\/\/amisresearch.com\/wp-content\/uploads\/2021\/05\/22-670x446.jpg 670w, https:\/\/amisresearch.com\/wp-content\/uploads\/2021\/05\/22-600x400.jpg 600w, https:\/\/amisresearch.com\/wp-content\/uploads\/2021\/05\/22-390x260.jpg 390w, https:\/\/amisresearch.com\/wp-content\/uploads\/2021\/05\/22-285x190.jpg 285w\" sizes=\"(max-width: 480px) 100vw, 480px\" \/><\/a><div class=\"service-details\"><h4><a href=\"https:\/\/amisresearch.com\/index.php\/services\/dental-care\/\" title=\"Dermato g\u00e9n\u00e9tique\">Dermato g\u00e9n\u00e9tique<\/a><\/h4><p>Pour votre beaut\u00e9 et bien-\u00eatre, nous vous proposons d\u2019adapter le traitement de votre peau \u00e0 votre patrimoine g\u00e9n\u00e9tique, sur la base d\u2019une analyse g\u00e9n\u00e9tique<\/p>\n<\/div><\/li><\/ul><\/li><\/ul>[\/vc_column][\/vc_row][vc_row][vc_column][vc_row_inner content_placement=&#8221;middle&#8221;][vc_column_inner]<h1 class=\"box-header centered-title page-margin-top-section\">EXPERTISE & CONSULTING<\/h1>[\/vc_column_inner][\/vc_row_inner][\/vc_column][\/vc_row][vc_row top_margin=&#8221;page-margin-top-section&#8221;][vc_column]<ul class=\"services-list clearfix\"><li class=\"vc_row wpb_row vc_row-fluid\"><ul><li><a href=\"https:\/\/amisresearch.com\/index.php\/services\/preventative-care\/\" title=\"Accompagnement de projets\"><img loading=\"lazy\" decoding=\"async\" width=\"480\" height=\"320\" src=\"https:\/\/amisresearch.com\/wp-content\/uploads\/2021\/05\/222-480x320.jpg\" class=\"attachment-medium-thumb size-medium-thumb wp-post-image\" alt=\"Accompagnement de projets\" title=\"\" srcset=\"https:\/\/amisresearch.com\/wp-content\/uploads\/2021\/05\/222-480x320.jpg 480w, https:\/\/amisresearch.com\/wp-content\/uploads\/2021\/05\/222-300x200.jpg 300w, https:\/\/amisresearch.com\/wp-content\/uploads\/2021\/05\/222-1024x683.jpg 1024w, https:\/\/amisresearch.com\/wp-content\/uploads\/2021\/05\/222-768x512.jpg 768w, https:\/\/amisresearch.com\/wp-content\/uploads\/2021\/05\/222-1536x1024.jpg 1536w, https:\/\/amisresearch.com\/wp-content\/uploads\/2021\/05\/222-2048x1366.jpg 2048w, https:\/\/amisresearch.com\/wp-content\/uploads\/2021\/05\/222-670x446.jpg 670w, https:\/\/amisresearch.com\/wp-content\/uploads\/2021\/05\/222-600x400.jpg 600w, https:\/\/amisresearch.com\/wp-content\/uploads\/2021\/05\/222-390x260.jpg 390w, https:\/\/amisresearch.com\/wp-content\/uploads\/2021\/05\/222-285x190.jpg 285w\" sizes=\"(max-width: 480px) 100vw, 480px\" \/><\/a><div class=\"service-details\"><h4><a href=\"https:\/\/amisresearch.com\/index.php\/services\/preventative-care\/\" title=\"Accompagnement de projets\">Accompagnement de projets<\/a><\/h4><p>Aide \u00e0 la conception et l\u2019\u00e9criture de projets de recherche  et au montage et la  gestion de projets de laboratoire, de projets collaboratifs en r\u00e9seau<\/p>\n<\/div><\/li><li><a href=\"https:\/\/amisresearch.com\/index.php\/services\/pediatric-services\/\" title=\"Conseils pour valoriser la recherche\"><img loading=\"lazy\" decoding=\"async\" width=\"480\" height=\"320\" src=\"https:\/\/amisresearch.com\/wp-content\/uploads\/2018\/10\/22222-480x320.jpg\" class=\"attachment-medium-thumb size-medium-thumb wp-post-image\" alt=\"Conseils pour valoriser la recherche\" title=\"\" srcset=\"https:\/\/amisresearch.com\/wp-content\/uploads\/2018\/10\/22222-480x320.jpg 480w, https:\/\/amisresearch.com\/wp-content\/uploads\/2018\/10\/22222-300x200.jpg 300w, https:\/\/amisresearch.com\/wp-content\/uploads\/2018\/10\/22222-1024x683.jpg 1024w, https:\/\/amisresearch.com\/wp-content\/uploads\/2018\/10\/22222-768x512.jpg 768w, https:\/\/amisresearch.com\/wp-content\/uploads\/2018\/10\/22222-1536x1024.jpg 1536w, https:\/\/amisresearch.com\/wp-content\/uploads\/2018\/10\/22222-2048x1366.jpg 2048w, https:\/\/amisresearch.com\/wp-content\/uploads\/2018\/10\/22222-670x446.jpg 670w, https:\/\/amisresearch.com\/wp-content\/uploads\/2018\/10\/22222-600x400.jpg 600w, https:\/\/amisresearch.com\/wp-content\/uploads\/2018\/10\/22222-390x260.jpg 390w, https:\/\/amisresearch.com\/wp-content\/uploads\/2018\/10\/22222-285x190.jpg 285w\" sizes=\"(max-width: 480px) 100vw, 480px\" \/><\/a><div class=\"service-details\"><h4><a href=\"https:\/\/amisresearch.com\/index.php\/services\/pediatric-services\/\" title=\"Conseils pour valoriser la recherche\">Conseils pour valoriser la recherche<\/a><\/h4><p>La pr\u00e9paration aux accr\u00e9ditations, La conception de fili\u00e8res et syllabus, L&#8217;\u00e9valuation enseignement\/recherche<\/p>\n<\/div><\/li><li><a href=\"https:\/\/amisresearch.com\/index.php\/services\/occupational-health\/\" title=\"Pr\u00e9paration \u00e0 l\u2019Accr\u00e9ditation\"><img loading=\"lazy\" decoding=\"async\" width=\"480\" height=\"320\" src=\"https:\/\/amisresearch.com\/wp-content\/uploads\/2018\/10\/2222-480x320.jpg\" class=\"attachment-medium-thumb size-medium-thumb wp-post-image\" alt=\"Pr\u00e9paration \u00e0 l\u2019Accr\u00e9ditation\" title=\"\" srcset=\"https:\/\/amisresearch.com\/wp-content\/uploads\/2018\/10\/2222-480x320.jpg 480w, https:\/\/amisresearch.com\/wp-content\/uploads\/2018\/10\/2222-300x200.jpg 300w, https:\/\/amisresearch.com\/wp-content\/uploads\/2018\/10\/2222-1024x681.jpg 1024w, https:\/\/amisresearch.com\/wp-content\/uploads\/2018\/10\/2222-768x511.jpg 768w, https:\/\/amisresearch.com\/wp-content\/uploads\/2018\/10\/2222-1536x1022.jpg 1536w, https:\/\/amisresearch.com\/wp-content\/uploads\/2018\/10\/2222-670x446.jpg 670w, https:\/\/amisresearch.com\/wp-content\/uploads\/2018\/10\/2222-600x400.jpg 600w, https:\/\/amisresearch.com\/wp-content\/uploads\/2018\/10\/2222-390x260.jpg 390w, https:\/\/amisresearch.com\/wp-content\/uploads\/2018\/10\/2222-285x190.jpg 285w, https:\/\/amisresearch.com\/wp-content\/uploads\/2018\/10\/2222.jpg 1996w\" sizes=\"(max-width: 480px) 100vw, 480px\" \/><\/a><div class=\"service-details\"><h4><a href=\"https:\/\/amisresearch.com\/index.php\/services\/occupational-health\/\" title=\"Pr\u00e9paration \u00e0 l\u2019Accr\u00e9ditation\">Pr\u00e9paration \u00e0 l\u2019Accr\u00e9ditation<\/a><\/h4><p>Accompagnement \u00e0 la valorisation des r\u00e9sultats de recherche, Conseils et aide pour la conception de strat\u00e9gie de communication scientifique<\/p>\n<\/div><\/li><\/ul><\/li><\/ul>[\/vc_column][\/vc_row]<\/p>\n<\/div>","protected":false},"excerpt":{"rendered":"<p>[vc_row][vc_column][vc_row_inner content_placement=&#8221;middle&#8221;][vc_column_inner][\/vc_column_inner][\/vc_row_inner][\/vc_column][\/vc_row][vc_row top_margin=&#8221;page-margin-top-section&#8221;][vc_column][\/vc_column][\/vc_row][vc_row][vc_column][vc_row_inner content_placement=&#8221;middle&#8221;][vc_column_inner][\/vc_column_inner][\/vc_row_inner][\/vc_column][\/vc_row][vc_row top_margin=&#8221;page-margin-top-section&#8221;][vc_column][\/vc_column][\/vc_row][vc_row][vc_column][vc_row_inner content_placement=&#8221;middle&#8221;][vc_column_inner][\/vc_column_inner][\/vc_row_inner][\/vc_column][\/vc_row][vc_row top_margin=&#8221;page-margin-top-section&#8221;][vc_column][\/vc_column][\/vc_row]<\/p>\n","protected":false},"author":4,"featured_media":0,"parent":0,"menu_order":0,"comment_status":"closed","ping_status":"closed","template":"","meta":{"footnotes":""},"class_list":["post-5703","page","type-page","status-publish","hentry"],"_links":{"self":[{"href":"https:\/\/amisresearch.com\/index.php\/wp-json\/wp\/v2\/pages\/5703","targetHints":{"allow":["GET"]}}],"collection":[{"href":"https:\/\/amisresearch.com\/index.php\/wp-json\/wp\/v2\/pages"}],"about":[{"href":"https:\/\/amisresearch.com\/index.php\/wp-json\/wp\/v2\/types\/page"}],"author":[{"embeddable":true,"href":"https:\/\/amisresearch.com\/index.php\/wp-json\/wp\/v2\/users\/4"}],"replies":[{"embeddable":true,"href":"https:\/\/amisresearch.com\/index.php\/wp-json\/wp\/v2\/comments?post=5703"}],"version-history":[{"count":9,"href":"https:\/\/amisresearch.com\/index.php\/wp-json\/wp\/v2\/pages\/5703\/revisions"}],"predecessor-version":[{"id":5730,"href":"https:\/\/amisresearch.com\/index.php\/wp-json\/wp\/v2\/pages\/5703\/revisions\/5730"}],"wp:attachment":[{"href":"https:\/\/amisresearch.com\/index.php\/wp-json\/wp\/v2\/media?parent=5703"}],"curies":[{"name":"wp","href":"https:\/\/api.w.org\/{rel}","templated":true}]}}