{"id":5813,"date":"2025-07-11T11:23:06","date_gmt":"2025-07-11T11:23:06","guid":{"rendered":"https:\/\/amisresearch.com\/?page_id=5813"},"modified":"2025-07-11T12:35:22","modified_gmt":"2025-07-11T12:35:22","slug":"nos-produits","status":"publish","type":"page","link":"https:\/\/amisresearch.com\/index.php\/nos-produits\/","title":{"rendered":"Nos Produits"},"content":{"rendered":"<div class=\"wpb-content-wrapper\"><p>[vc_row top_margin=&#8221;page-margin-top-section&#8221;][vc_column]<ul class=\"services-list clearfix\"><li class=\"vc_row wpb_row vc_row-fluid\"><ul><li><a href=\"https:\/\/amisresearch.com\/index.php\/services\/un-anticorps-contre-le-cancer-du-sein\/\" title=\"UN ANTICORPS CONTRE LE CANCER DU SEIN\"><img fetchpriority=\"high\" decoding=\"async\" width=\"480\" height=\"320\" src=\"https:\/\/amisresearch.com\/wp-content\/uploads\/2025\/07\/main-de-femme-avec-ruban-rose-et-main-d-homme-soutenant-la-campagne-de-sensibilisation-au-cancer-du-sein-d-octobre-rose-480x320.jpg\" class=\"attachment-medium-thumb size-medium-thumb wp-post-image\" alt=\"UN ANTICORPS CONTRE LE CANCER DU SEIN\" title=\"\" srcset=\"https:\/\/amisresearch.com\/wp-content\/uploads\/2025\/07\/main-de-femme-avec-ruban-rose-et-main-d-homme-soutenant-la-campagne-de-sensibilisation-au-cancer-du-sein-d-octobre-rose-480x320.jpg 480w, https:\/\/amisresearch.com\/wp-content\/uploads\/2025\/07\/main-de-femme-avec-ruban-rose-et-main-d-homme-soutenant-la-campagne-de-sensibilisation-au-cancer-du-sein-d-octobre-rose-670x446.jpg 670w, https:\/\/amisresearch.com\/wp-content\/uploads\/2025\/07\/main-de-femme-avec-ruban-rose-et-main-d-homme-soutenant-la-campagne-de-sensibilisation-au-cancer-du-sein-d-octobre-rose-600x400.jpg 600w, https:\/\/amisresearch.com\/wp-content\/uploads\/2025\/07\/main-de-femme-avec-ruban-rose-et-main-d-homme-soutenant-la-campagne-de-sensibilisation-au-cancer-du-sein-d-octobre-rose-390x260.jpg 390w, https:\/\/amisresearch.com\/wp-content\/uploads\/2025\/07\/main-de-femme-avec-ruban-rose-et-main-d-homme-soutenant-la-campagne-de-sensibilisation-au-cancer-du-sein-d-octobre-rose-285x190.jpg 285w\" sizes=\"(max-width: 480px) 100vw, 480px\" \/><\/a><div class=\"service-details\"><h4><a href=\"https:\/\/amisresearch.com\/index.php\/services\/un-anticorps-contre-le-cancer-du-sein\/\" title=\"UN ANTICORPS CONTRE LE CANCER DU SEIN\">UN ANTICORPS CONTRE LE CANCER DU SEIN<\/a><\/h4><p>Un anticorps th\u00e9rapeutique qui cible et tue les tumeurs mammaires particuli\u00e8rement chez les femmes jeunes <\/p>\n<\/div><\/li><li><a href=\"https:\/\/amisresearch.com\/index.php\/services\/une-application-app-fitting-your-gene\/\" title=\"UNE APPLICATION APP-FITTING YOUR GENE\"><img decoding=\"async\" width=\"480\" height=\"320\" src=\"https:\/\/amisresearch.com\/wp-content\/uploads\/2025\/07\/IM-PRODUIT-4-480x320.jpg\" class=\"attachment-medium-thumb size-medium-thumb wp-post-image\" alt=\"UNE APPLICATION APP-FITTING YOUR GENE\" title=\"\" srcset=\"https:\/\/amisresearch.com\/wp-content\/uploads\/2025\/07\/IM-PRODUIT-4-480x320.jpg 480w, https:\/\/amisresearch.com\/wp-content\/uploads\/2025\/07\/IM-PRODUIT-4-670x446.jpg 670w, https:\/\/amisresearch.com\/wp-content\/uploads\/2025\/07\/IM-PRODUIT-4-600x400.jpg 600w, https:\/\/amisresearch.com\/wp-content\/uploads\/2025\/07\/IM-PRODUIT-4-390x260.jpg 390w, https:\/\/amisresearch.com\/wp-content\/uploads\/2025\/07\/IM-PRODUIT-4-285x190.jpg 285w\" sizes=\"(max-width: 480px) 100vw, 480px\" \/><\/a><div class=\"service-details\"><h4><a href=\"https:\/\/amisresearch.com\/index.php\/services\/une-application-app-fitting-your-gene\/\" title=\"UNE APPLICATION APP-FITTING YOUR GENE\">UNE APPLICATION APP-FITTING YOUR GENE<\/a><\/h4><p>Fix Your Genes to Fit Your Jeans!<br \/>\nEmbarquez pour un voyage vers le bien-\u00eatre personnalis\u00e9<\/p>\n<\/div><\/li><li><a href=\"https:\/\/amisresearch.com\/index.php\/services\/un-biomarqueur-predictif-de-la-survie\/\" title=\"UN BIOMARQUEUR PR\u00c9DICTIF DE LA SURVIE\"><img decoding=\"async\" width=\"480\" height=\"320\" src=\"https:\/\/amisresearch.com\/wp-content\/uploads\/2025\/07\/BIOMAR2-480x320.jpg\" class=\"attachment-medium-thumb size-medium-thumb wp-post-image\" alt=\"UN BIOMARQUEUR PR\u00c9DICTIF DE LA SURVIE\" title=\"\" srcset=\"https:\/\/amisresearch.com\/wp-content\/uploads\/2025\/07\/BIOMAR2-480x320.jpg 480w, https:\/\/amisresearch.com\/wp-content\/uploads\/2025\/07\/BIOMAR2-670x446.jpg 670w, https:\/\/amisresearch.com\/wp-content\/uploads\/2025\/07\/BIOMAR2-600x400.jpg 600w, https:\/\/amisresearch.com\/wp-content\/uploads\/2025\/07\/BIOMAR2-390x260.jpg 390w, https:\/\/amisresearch.com\/wp-content\/uploads\/2025\/07\/BIOMAR2-285x190.jpg 285w\" sizes=\"(max-width: 480px) 100vw, 480px\" \/><\/a><div class=\"service-details\"><h4><a href=\"https:\/\/amisresearch.com\/index.php\/services\/un-biomarqueur-predictif-de-la-survie\/\" title=\"UN BIOMARQUEUR PR\u00c9DICTIF DE LA SURVIE\">UN BIOMARQUEUR PR\u00c9DICTIF DE LA SURVIE<\/a><\/h4><p>D\u00e9veloppement d\u2019un biomarqueur pr\u00e9dictif innovant de la survie et cible th\u00e9rapeutique de pr\u00e9cision<\/p>\n<\/div><\/li><\/ul><\/li><\/ul>[\/vc_column][\/vc_row]<\/p>\n<\/div>","protected":false},"excerpt":{"rendered":"<p>[vc_row top_margin=&#8221;page-margin-top-section&#8221;][vc_column][\/vc_column][\/vc_row]<\/p>\n","protected":false},"author":4,"featured_media":0,"parent":0,"menu_order":0,"comment_status":"closed","ping_status":"closed","template":"","meta":{"footnotes":""},"class_list":["post-5813","page","type-page","status-publish","hentry"],"_links":{"self":[{"href":"https:\/\/amisresearch.com\/index.php\/wp-json\/wp\/v2\/pages\/5813","targetHints":{"allow":["GET"]}}],"collection":[{"href":"https:\/\/amisresearch.com\/index.php\/wp-json\/wp\/v2\/pages"}],"about":[{"href":"https:\/\/amisresearch.com\/index.php\/wp-json\/wp\/v2\/types\/page"}],"author":[{"embeddable":true,"href":"https:\/\/amisresearch.com\/index.php\/wp-json\/wp\/v2\/users\/4"}],"replies":[{"embeddable":true,"href":"https:\/\/amisresearch.com\/index.php\/wp-json\/wp\/v2\/comments?post=5813"}],"version-history":[{"count":6,"href":"https:\/\/amisresearch.com\/index.php\/wp-json\/wp\/v2\/pages\/5813\/revisions"}],"predecessor-version":[{"id":5831,"href":"https:\/\/amisresearch.com\/index.php\/wp-json\/wp\/v2\/pages\/5813\/revisions\/5831"}],"wp:attachment":[{"href":"https:\/\/amisresearch.com\/index.php\/wp-json\/wp\/v2\/media?parent=5813"}],"curies":[{"name":"wp","href":"https:\/\/api.w.org\/{rel}","templated":true}]}}